{"id":15,"date":"2023-10-12T16:40:25","date_gmt":"2023-10-12T16:40:25","guid":{"rendered":"https:\/\/martahernani.com\/?page_id=15"},"modified":"2026-03-31T09:08:27","modified_gmt":"2026-03-31T16:08:27","slug":"latest-news","status":"publish","type":"page","link":"https:\/\/martahernani.com\/es\/latest-news\/","title":{"rendered":"Prensa"},"content":{"rendered":"<h1>\n\t\t\tPrensa\n\t\t<\/h1>\n\t<p><a href=\"https:\/\/www.sustrato.io\/eventos\/manual-para-aprendices-de-tinder\">Marta Hernani organiza Manual para aprendices de tinder en Madrid <\/a>| <strong>Sustrato Eventos<\/strong>, September 2025<\/p>\n<p><a href=\"https:\/\/kinotico.es\/actualidad\/2025-07-17\/cima-impulsa-anuncia-16-proyectos-seleccionados-para-su-sexta-edicion\">CIMA impulsa anuncia los 16 proyectos de cine y series que participar\u00e1n en su sexta edici\u00f3n | Actualidad | Kin\u00f3tico<\/a>| <strong>Kin\u00f3tico<\/strong>, July 2025<\/p>\n<p><a href=\"https:\/\/voyagela.com\/interview\/meet-marta-hernani-of-culver-city\/\" target=\"_blank\" rel=\"noopener\">Meet Marta Hernani<\/a> | <strong>Voyage LA<\/strong>, May 2023<\/p>\n<p><a href=\"https:\/\/shoutoutla.com\/meet-marta-hernani-fernandez-screenwriter-book-author-podcaster\/\" target=\"_blank\" rel=\"noopener\">Meet Marta Herna<\/a><a href=\"https:\/\/shoutoutla.com\/meet-marta-hernani-fernandez-screenwriter-book-author-podcaster\/\" target=\"_blank\" rel=\"noopener\">ni Fernandez | Screenwriter. Book autho<\/a><a href=\"https:\/\/shoutoutla.com\/meet-marta-hernani-fernandez-screenwriter-book-author-podcaster\/\" target=\"_blank\" rel=\"noopener\">r. Podcaster<\/a> | <strong>Shoutout LA<\/strong>, November 2022<\/p>\n<p><a href=\"https:\/\/thelanote.com\/a-tremendous-amount-of-soul-into-everything-she-writes-marta-hernani-fernandez\/\" target=\"_blank\" rel=\"noopener\">A Treme<\/a><a href=\"https:\/\/thelanote.com\/a-tremendous-amount-of-soul-into-everything-she-writes-marta-hernani-fernandez\/\" target=\"_blank\" rel=\"noopener\">ndous Amount Of Soul In<\/a><a href=\"https:\/\/thelanote.com\/a-tremendous-amount-of-soul-into-everything-she-writes-marta-hernani-fernandez\/\" target=\"_blank\" rel=\"noopener\">to Everything She Writes | Marta Hernani Fer<\/a><a href=\"https:\/\/thelanote.com\/a-tremendous-amount-of-soul-into-everything-she-writes-marta-hernani-fernandez\/\" target=\"_blank\" rel=\"noopener\">nandez <\/a>| <strong>The LA Note, <\/strong>November 2022<\/p>\n<p><a href=\"https:\/\/www.latimes.com\/california\/story\/2022-04-26\/reflections-of-the-l-a-uprising-toms-market-owner-discusses-the-evolution-of-area-stores\">Reflections of the L.A. uprising: Tom&#8217;s Market owner discusses the evolution of area stores <\/a>| <strong>The LA Times<\/strong>, VR piece published in April 2022<\/p>","protected":false},"excerpt":{"rendered":"<p>Latest News Marta Hernani organiza Manual para aprendices de tinder en Madrid | Sustrato Eventos, September 2025 CIMA impulsa anuncia los 16 proyectos de cine y series que participar\u00e1n en su sexta edici\u00f3n | Actualidad | Kin\u00f3tico| Kin\u00f3tico, July 2025 Meet Marta Hernani | Voyage LA, May 2023 Meet Marta Hernani Fernandez | Screenwriter. Book&hellip;<\/p>","protected":false},"author":1,"featured_media":1270,"parent":0,"menu_order":0,"comment_status":"closed","ping_status":"closed","template":"","meta":{"_coblocks_attr":"","_coblocks_dimensions":"","_coblocks_responsive_height":"","_coblocks_accordion_ie_support":"","footnotes":""},"class_list":["post-15","page","type-page","status-publish","has-post-thumbnail","hentry"],"yoast_head":"<!-- This site is optimized with the Yoast SEO plugin v27.5 - https:\/\/yoast.com\/product\/yoast-seo-wordpress\/ -->\n<title>Latest News &amp; Updated - Marta Hernani<\/title>\n<meta name=\"description\" content=\"Explore all the latest news and updates about me. Learn more now.\" \/>\n<meta name=\"robots\" content=\"index, follow, max-snippet:-1, max-image-preview:large, max-video-preview:-1\" \/>\n<link rel=\"canonical\" href=\"https:\/\/martahernani.com\/es\/latest-news\/\" \/>\n<meta property=\"og:locale\" content=\"es_ES\" \/>\n<meta property=\"og:type\" content=\"article\" \/>\n<meta property=\"og:title\" content=\"Latest News &amp; Updated - Marta Hernani\" \/>\n<meta property=\"og:description\" content=\"Explore all the latest news and updates about me. Learn more now.\" \/>\n<meta property=\"og:url\" content=\"https:\/\/martahernani.com\/es\/latest-news\/\" \/>\n<meta property=\"og:site_name\" content=\"Marta Hernani\" \/>\n<meta property=\"article:modified_time\" content=\"2026-03-31T16:08:27+00:00\" \/>\n<meta property=\"og:image\" content=\"https:\/\/martahernani.com\/wp-content\/uploads\/2023\/10\/Group-17-1.png\" \/>\n\t<meta property=\"og:image:width\" content=\"411\" \/>\n\t<meta property=\"og:image:height\" content=\"511\" \/>\n\t<meta property=\"og:image:type\" content=\"image\/png\" \/>\n<meta name=\"twitter:card\" content=\"summary_large_image\" \/>\n<meta name=\"twitter:label1\" content=\"Tiempo de lectura\" \/>\n\t<meta name=\"twitter:data1\" content=\"1 minuto\" \/>\n<script type=\"application\/ld+json\" class=\"yoast-schema-graph\">{\"@context\":\"https:\\\/\\\/schema.org\",\"@graph\":[{\"@type\":\"WebPage\",\"@id\":\"https:\\\/\\\/martahernani.com\\\/latest-news\\\/\",\"url\":\"https:\\\/\\\/martahernani.com\\\/latest-news\\\/\",\"name\":\"Latest News & Updated - Marta Hernani\",\"isPartOf\":{\"@id\":\"https:\\\/\\\/martahernani.com\\\/#website\"},\"primaryImageOfPage\":{\"@id\":\"https:\\\/\\\/martahernani.com\\\/latest-news\\\/#primaryimage\"},\"image\":{\"@id\":\"https:\\\/\\\/martahernani.com\\\/latest-news\\\/#primaryimage\"},\"thumbnailUrl\":\"https:\\\/\\\/martahernani.com\\\/wp-content\\\/uploads\\\/2023\\\/10\\\/Group-17-1.png\",\"datePublished\":\"2023-10-12T16:40:25+00:00\",\"dateModified\":\"2026-03-31T16:08:27+00:00\",\"description\":\"Explore all the latest news and updates about me. Learn more now.\",\"breadcrumb\":{\"@id\":\"https:\\\/\\\/martahernani.com\\\/latest-news\\\/#breadcrumb\"},\"inLanguage\":\"es\",\"potentialAction\":[{\"@type\":\"ReadAction\",\"target\":[\"https:\\\/\\\/martahernani.com\\\/latest-news\\\/\"]}]},{\"@type\":\"ImageObject\",\"inLanguage\":\"es\",\"@id\":\"https:\\\/\\\/martahernani.com\\\/latest-news\\\/#primaryimage\",\"url\":\"https:\\\/\\\/martahernani.com\\\/wp-content\\\/uploads\\\/2023\\\/10\\\/Group-17-1.png\",\"contentUrl\":\"https:\\\/\\\/martahernani.com\\\/wp-content\\\/uploads\\\/2023\\\/10\\\/Group-17-1.png\",\"width\":411,\"height\":511,\"caption\":\"Marta Hernani\"},{\"@type\":\"BreadcrumbList\",\"@id\":\"https:\\\/\\\/martahernani.com\\\/latest-news\\\/#breadcrumb\",\"itemListElement\":[{\"@type\":\"ListItem\",\"position\":1,\"name\":\"Home\",\"item\":\"https:\\\/\\\/martahernani.com\\\/\"},{\"@type\":\"ListItem\",\"position\":2,\"name\":\"Latest News\"}]},{\"@type\":\"WebSite\",\"@id\":\"https:\\\/\\\/martahernani.com\\\/#website\",\"url\":\"https:\\\/\\\/martahernani.com\\\/\",\"name\":\"Marta Hernani\",\"description\":\"\",\"publisher\":{\"@id\":\"https:\\\/\\\/martahernani.com\\\/#organization\"},\"alternateName\":\"Marta Hernani\",\"potentialAction\":[{\"@type\":\"SearchAction\",\"target\":{\"@type\":\"EntryPoint\",\"urlTemplate\":\"https:\\\/\\\/martahernani.com\\\/?s={search_term_string}\"},\"query-input\":{\"@type\":\"PropertyValueSpecification\",\"valueRequired\":true,\"valueName\":\"search_term_string\"}}],\"inLanguage\":\"es\"},{\"@type\":\"Organization\",\"@id\":\"https:\\\/\\\/martahernani.com\\\/#organization\",\"name\":\"Marta Hernani\",\"alternateName\":\"Marta Hernani\",\"url\":\"https:\\\/\\\/martahernani.com\\\/\",\"logo\":{\"@type\":\"ImageObject\",\"inLanguage\":\"es\",\"@id\":\"https:\\\/\\\/martahernani.com\\\/#\\\/schema\\\/logo\\\/image\\\/\",\"url\":\"https:\\\/\\\/martahernani.com\\\/wp-content\\\/uploads\\\/2023\\\/10\\\/fav.png\",\"contentUrl\":\"https:\\\/\\\/martahernani.com\\\/wp-content\\\/uploads\\\/2023\\\/10\\\/fav.png\",\"width\":16,\"height\":16,\"caption\":\"Marta Hernani\"},\"image\":{\"@id\":\"https:\\\/\\\/martahernani.com\\\/#\\\/schema\\\/logo\\\/image\\\/\"}}]}<\/script>\n<!-- \/ Yoast SEO plugin. -->","yoast_head_json":{"title":"Latest News & Updated - Marta Hernani","description":"Explore all the latest news and updates about me. Learn more now.","robots":{"index":"index","follow":"follow","max-snippet":"max-snippet:-1","max-image-preview":"max-image-preview:large","max-video-preview":"max-video-preview:-1"},"canonical":"https:\/\/martahernani.com\/es\/latest-news\/","og_locale":"es_ES","og_type":"article","og_title":"Latest News & Updated - Marta Hernani","og_description":"Explore all the latest news and updates about me. Learn more now.","og_url":"https:\/\/martahernani.com\/es\/latest-news\/","og_site_name":"Marta Hernani","article_modified_time":"2026-03-31T16:08:27+00:00","og_image":[{"width":411,"height":511,"url":"https:\/\/martahernani.com\/wp-content\/uploads\/2023\/10\/Group-17-1.png","type":"image\/png"}],"twitter_card":"summary_large_image","twitter_misc":{"Tiempo de lectura":"1 minuto"},"schema":{"@context":"https:\/\/schema.org","@graph":[{"@type":"WebPage","@id":"https:\/\/martahernani.com\/latest-news\/","url":"https:\/\/martahernani.com\/latest-news\/","name":"Latest News & Updated - Marta Hernani","isPartOf":{"@id":"https:\/\/martahernani.com\/#website"},"primaryImageOfPage":{"@id":"https:\/\/martahernani.com\/latest-news\/#primaryimage"},"image":{"@id":"https:\/\/martahernani.com\/latest-news\/#primaryimage"},"thumbnailUrl":"https:\/\/martahernani.com\/wp-content\/uploads\/2023\/10\/Group-17-1.png","datePublished":"2023-10-12T16:40:25+00:00","dateModified":"2026-03-31T16:08:27+00:00","description":"Explore all the latest news and updates about me. Learn more now.","breadcrumb":{"@id":"https:\/\/martahernani.com\/latest-news\/#breadcrumb"},"inLanguage":"es","potentialAction":[{"@type":"ReadAction","target":["https:\/\/martahernani.com\/latest-news\/"]}]},{"@type":"ImageObject","inLanguage":"es","@id":"https:\/\/martahernani.com\/latest-news\/#primaryimage","url":"https:\/\/martahernani.com\/wp-content\/uploads\/2023\/10\/Group-17-1.png","contentUrl":"https:\/\/martahernani.com\/wp-content\/uploads\/2023\/10\/Group-17-1.png","width":411,"height":511,"caption":"Marta Hernani"},{"@type":"BreadcrumbList","@id":"https:\/\/martahernani.com\/latest-news\/#breadcrumb","itemListElement":[{"@type":"ListItem","position":1,"name":"Home","item":"https:\/\/martahernani.com\/"},{"@type":"ListItem","position":2,"name":"Latest News"}]},{"@type":"WebSite","@id":"https:\/\/martahernani.com\/#website","url":"https:\/\/martahernani.com\/","name":"Marta Hernani","description":"","publisher":{"@id":"https:\/\/martahernani.com\/#organization"},"alternateName":"Marta Hernani","potentialAction":[{"@type":"SearchAction","target":{"@type":"EntryPoint","urlTemplate":"https:\/\/martahernani.com\/?s={search_term_string}"},"query-input":{"@type":"PropertyValueSpecification","valueRequired":true,"valueName":"search_term_string"}}],"inLanguage":"es"},{"@type":"Organization","@id":"https:\/\/martahernani.com\/#organization","name":"Marta Hernani","alternateName":"Marta Hernani","url":"https:\/\/martahernani.com\/","logo":{"@type":"ImageObject","inLanguage":"es","@id":"https:\/\/martahernani.com\/#\/schema\/logo\/image\/","url":"https:\/\/martahernani.com\/wp-content\/uploads\/2023\/10\/fav.png","contentUrl":"https:\/\/martahernani.com\/wp-content\/uploads\/2023\/10\/fav.png","width":16,"height":16,"caption":"Marta Hernani"},"image":{"@id":"https:\/\/martahernani.com\/#\/schema\/logo\/image\/"}}]}},"_links":{"self":[{"href":"https:\/\/martahernani.com\/es\/wp-json\/wp\/v2\/pages\/15","targetHints":{"allow":["GET"]}}],"collection":[{"href":"https:\/\/martahernani.com\/es\/wp-json\/wp\/v2\/pages"}],"about":[{"href":"https:\/\/martahernani.com\/es\/wp-json\/wp\/v2\/types\/page"}],"author":[{"embeddable":true,"href":"https:\/\/martahernani.com\/es\/wp-json\/wp\/v2\/users\/1"}],"replies":[{"embeddable":true,"href":"https:\/\/martahernani.com\/es\/wp-json\/wp\/v2\/comments?post=15"}],"version-history":[{"count":5,"href":"https:\/\/martahernani.com\/es\/wp-json\/wp\/v2\/pages\/15\/revisions"}],"predecessor-version":[{"id":1671,"href":"https:\/\/martahernani.com\/es\/wp-json\/wp\/v2\/pages\/15\/revisions\/1671"}],"wp:featuredmedia":[{"embeddable":true,"href":"https:\/\/martahernani.com\/es\/wp-json\/wp\/v2\/media\/1270"}],"wp:attachment":[{"href":"https:\/\/martahernani.com\/es\/wp-json\/wp\/v2\/media?parent=15"}],"curies":[{"name":"wp","href":"https:\/\/api.w.org\/{rel}","templated":true}]}}